{"id":137,"date":"2019-09-28T11:34:24","date_gmt":"2019-09-28T11:34:24","guid":{"rendered":"http:\/\/feuerwehr-ehndorf.de\/?page_id=137"},"modified":"2024-08-01T06:10:31","modified_gmt":"2024-08-01T06:10:31","slug":"wir-ueber-uns","status":"publish","type":"page","link":"http:\/\/feuerwehr-ehndorf.de\/?page_id=137","title":{"rendered":"Wir \u00fcber uns"},"content":{"rendered":"\n<p>Die Freiwillige Feuerwehr Ehndorf besteht aktuell aus drei Abteilungen. Dieses sind die &#8222;Aktiven&#8220;, die &#8222;Ehrenmitglieder&#8220; und die &#8222;Verwaltungsabteilung&#8220;. Unser Nachwuchs in den Kinder- und Jugendfeuerwehren verteilt sich auf die Wehren Wasbek und Padenstedt. In beiden Wehren sind sowohl Kinder- als auch Jugendfeuerwehren vorhanden.<\/p>\n\n\n\n<p>Gef\u00fchrt wird die Wehr duch den Wehrvorstand. Im Wehrvorstand sind vertreten: Wehrf\u00fchrer, stellv. Wehrf\u00fchrer, Gruppenf\u00fchrer, Ger\u00e4tewart, Kassenwart und Schriftwart<\/p>\n\n\n\n<h2 class=\"wp-block-heading\">Mitglieder<\/h2>\n\n\n\n<figure class=\"wp-block-table\"><table><tbody><tr><td>Aktive<br><\/td><td>30<\/td><\/tr><tr><td>Ehrenmitglieder<\/td><td>10<\/td><\/tr><tr><td>Verwaltungsabteilung<\/td><td>0<\/td><\/tr><tr><td>Passive Mitglieder<\/td><td>ca. 120<\/td><\/tr><tr><td>Jugendfeuerwehr (Wasbek \/ Padenstedt)<\/td><td>1 \/ 8<\/td><\/tr><tr><td>Kinderfeuerwehr (Wasbek \/ Padenstedt)<\/td><td>0 \/ 6<\/td><\/tr><\/tbody><\/table><\/figure>\n\n\n\n<h2 class=\"wp-block-heading\">Vorstand <\/h2>\n\n\n\n<figure class=\"wp-block-table\"><table><tbody><tr><td> Wehrf\u00fchrer <\/td><td> Oberbrandmeister (OBM) J\u00f6rg Harder <\/td><\/tr><tr><td> stellv. Wehrf\u00fchrer <\/td><td>Hauptl\u00f6schmeister (HLM2) Haiko-Christopher Frank<\/td><\/tr><tr><td> Gruppenf\u00fchrerin <\/td><td> Oberl\u00f6schmeisterin (OLM) Sara Seeger <\/td><\/tr><tr><td> Ger\u00e4tewart <\/td><td> Hauptfeuerwehrmann (HFM2) Frank Harder <\/td><\/tr><tr><td> Kassenwart <\/td><td> Hauptfeuerwehrmann (HFM3) Jochen Struve <\/td><\/tr><tr><td> Schriftwart <\/td><td> Hauptfeuerwehrfrau (HFF2) Ann-Kathrin Reumann <\/td><\/tr><\/tbody><\/table><\/figure>\n\n\n\n<h2 class=\"wp-block-heading\">Weitere Funktionen<\/h2>\n\n\n\n<figure class=\"wp-block-table\"><table><tbody><tr><td> stellv. Amtswehrf\u00fchrer Amt Mittelholstein<\/td><td> Hauptbrandmeister (HBM3) Bj\u00f6rn K\u00e4hler <\/td><\/tr><tr><td> stellv. Gruppenf\u00fchrer <\/td><td>Oberfeuerwehrmann (OFM) Marvin B\u00fcttgen<\/td><\/tr><tr><td> Sicherheitsbeauftragter <\/td><td> L\u00f6schmeister (LM) Frank Albrecht<\/td><\/tr><tr><td> Atemschutzger\u00e4tewart <\/td><td> L\u00f6schmeister (LM) Wolfgang Bartels <\/td><\/tr><tr><td> Funkwart <\/td><td> Hauptfeuerwehrmann (HFM2) Marvin B\u00fcttgen <\/td><\/tr><tr><td> Bekleidungswart<\/td><td> Oberfeuerwehrmann (HFM2) Marvin B\u00fcttgen<\/td><\/tr><tr><td> Pressewart<\/td><td>Hauptl\u00f6schmeister (HLM2) Haiko Frank <\/td><\/tr><tr><td> Festausschussvorsitzender<\/td><td> Hauptfeuerwehrmann (HFM2) Markus Weddern  <\/td><\/tr><\/tbody><\/table><\/figure>\n\n\n\n<h2 class=\"wp-block-heading\"><strong>Wehrf\u00fchrer<\/strong><\/h2>\n\n\n\n<figure class=\"wp-block-table\"><table><tbody><tr><td> 1897 \u2013 1904 <\/td><td> Jochim G\u00f6ttsche <\/td><\/tr><tr><td> 1904 \u2013 1925 <\/td><td> August Hellenberg <\/td><\/tr><tr><td> 1925 \u2013 1936 <\/td><td> Gustav G\u00f6ttsch <\/td><\/tr><tr><td> 1936 \u2013 1940 <\/td><td> Rudolf Thede <\/td><\/tr><tr><td> 1940 \u2013 1949 <\/td><td> Karl Hellenberg <\/td><\/tr><tr><td> 1949 \u2013 1954     <\/td><td>  Johannes G\u00f6ttsch <\/td><\/tr><tr><td> 1954 \u2013 1984  <\/td><td>  Bruno Brandt <\/td><\/tr><tr><td> 1984 \u2013 1998 <\/td><td>  Jan Auen <\/td><\/tr><tr><td> 1998 \u2013 2004 <\/td><td>  Stefan Kr\u00f6ger <\/td><\/tr><tr><td> 2004 \u2013&nbsp;2022 <\/td><td>  Bj\u00f6rn K\u00e4hler <\/td><\/tr><tr><td> 2022 &#8211; <\/td><td>  J\u00f6rg Harder<\/td><\/tr><\/tbody><\/table><\/figure>\n","protected":false},"excerpt":{"rendered":"<p>Die Freiwillige Feuerwehr Ehndorf besteht aktuell aus drei Abteilungen. Dieses sind die &#8222;Aktiven&#8220;, die &#8222;Ehrenmitglieder&#8220; und die &#8222;Verwaltungsabteilung&#8220;. Unser Nachwuchs in den Kinder- und Jugendfeuerwehren verteilt sich auf die Wehren Wasbek und Padenstedt. In beiden Wehren sind sowohl Kinder- als auch Jugendfeuerwehren vorhanden. Gef\u00fchrt wird die Wehr duch den Wehrvorstand. Im Wehrvorstand sind vertreten: Wehrf\u00fchrer, [&hellip;]<\/p>\n","protected":false},"author":2,"featured_media":0,"parent":0,"menu_order":0,"comment_status":"closed","ping_status":"closed","template":"","meta":{"footnotes":""},"class_list":["post-137","page","type-page","status-publish","hentry"],"_links":{"self":[{"href":"http:\/\/feuerwehr-ehndorf.de\/index.php?rest_route=\/wp\/v2\/pages\/137","targetHints":{"allow":["GET"]}}],"collection":[{"href":"http:\/\/feuerwehr-ehndorf.de\/index.php?rest_route=\/wp\/v2\/pages"}],"about":[{"href":"http:\/\/feuerwehr-ehndorf.de\/index.php?rest_route=\/wp\/v2\/types\/page"}],"author":[{"embeddable":true,"href":"http:\/\/feuerwehr-ehndorf.de\/index.php?rest_route=\/wp\/v2\/users\/2"}],"replies":[{"embeddable":true,"href":"http:\/\/feuerwehr-ehndorf.de\/index.php?rest_route=%2Fwp%2Fv2%2Fcomments&post=137"}],"version-history":[{"count":17,"href":"http:\/\/feuerwehr-ehndorf.de\/index.php?rest_route=\/wp\/v2\/pages\/137\/revisions"}],"predecessor-version":[{"id":1183,"href":"http:\/\/feuerwehr-ehndorf.de\/index.php?rest_route=\/wp\/v2\/pages\/137\/revisions\/1183"}],"wp:attachment":[{"href":"http:\/\/feuerwehr-ehndorf.de\/index.php?rest_route=%2Fwp%2Fv2%2Fmedia&parent=137"}],"curies":[{"name":"wp","href":"https:\/\/api.w.org\/{rel}","templated":true}]}}